{"id":64,"date":"2025-07-11T16:30:16","date_gmt":"2025-07-11T16:30:16","guid":{"rendered":"https:\/\/www.descosur.org.pe\/portaleducativo\/?page_id=64"},"modified":"2025-07-22T11:41:43","modified_gmt":"2025-07-22T11:41:43","slug":"recursos-educativos","status":"publish","type":"page","link":"https:\/\/www.descosur.org.pe\/portaleducativo\/recursos-educativos\/","title":{"rendered":"Recursos educativos"},"content":{"rendered":"\n<div class=\"wp-block-group alignwide has-global-padding is-layout-constrained wp-block-group-is-layout-constrained\" style=\"padding-top:0;padding-bottom:0\">\n<div class=\"wp-block-columns alignwide is-layout-flex wp-container-core-columns-is-layout-28f84493 wp-block-columns-is-layout-flex\">\n<div class=\"wp-block-column is-layout-flow wp-block-column-is-layout-flow\">\n<h2 class=\"wp-block-heading alignwide has-text-align-left\">Recursos educativos<\/h2>\n\n\n\n<p>Contamos con diversos recursos educativos, disponibles en l\u00ednea y tambi\u00e9n para su descarga. Todas las herramientas est\u00e1n divididas en tres secciones:<\/p>\n<\/div>\n\n\n\n<div class=\"wp-block-column hide-if-mobile is-layout-flow wp-block-column-is-layout-flow\"><\/div>\n<\/div>\n\n\n\n<div class=\"wp-block-buttons alignwide secciones is-layout-flex wp-block-buttons-is-layout-flex\" style=\"padding-top:var(--wp--preset--spacing--30);padding-bottom:var(--wp--preset--spacing--30)\">\n<div class=\"wp-block-button agua\"><a class=\"wp-block-button__link wp-element-button\" href=\"https:\/\/www.descosur.org.pe\/portaleducativo\/cultura-del-agua\/\">Cultura del agua<\/a><\/div>\n\n\n\n<div class=\"wp-block-button clima\"><a class=\"wp-block-button__link wp-element-button\" href=\"https:\/\/www.descosur.org.pe\/portaleducativo\/cambio-climatico\/\">Cambio clim\u00e1tico<\/a><\/div>\n\n\n\n<div class=\"wp-block-button areas\"><a class=\"wp-block-button__link wp-element-button\" href=\"https:\/\/www.descosur.org.pe\/portaleducativo\/areas-naturales-protegidas\/\">\u00c1reas naturales protegidas<\/a><\/div>\n<\/div>\n\n\n\n<div class=\"wp-block-group alignwide has-global-padding is-content-justification-left is-layout-constrained wp-container-core-group-is-layout-12dd3699 wp-block-group-is-layout-constrained\">\n<p class=\"has-text-align-left\">Cada una de nuestras tres secciones principales cuenta con:<\/p>\n<\/div>\n\n\n\n<div class=\"wp-block-group alignwide has-global-padding is-layout-constrained wp-block-group-is-layout-constrained\" style=\"padding-top:var(--wp--preset--spacing--20);padding-bottom:0\"><nav class=\"has-large-font-size alignwide wp-block-navigation is-layout-flex wp-block-navigation-is-layout-flex\" aria-label=\"Navigation\"><ul class=\"wp-block-navigation__container has-large-font-size alignwide wp-block-navigation has-large-font-size\"><li class=\"has-large-font-size wp-block-navigation-item wp-block-navigation-link\"><a class=\"wp-block-navigation-item__content\"  href=\"#sesiones-educativas\"><span class=\"wp-block-navigation-item__label\">Sesiones educativas<\/span><\/a><\/li><li class=\"has-large-font-size wp-block-navigation-item wp-block-navigation-link\"><a class=\"wp-block-navigation-item__content\"  href=\"#proyectos-educativos\"><span class=\"wp-block-navigation-item__label\">Proyectos educativos<\/span><\/a><\/li><li class=\"has-large-font-size wp-block-navigation-item wp-block-navigation-link\"><a class=\"wp-block-navigation-item__content\"  href=\"#recursos-educativos\"><span class=\"wp-block-navigation-item__label\">Recursos educativos<\/span><\/a><\/li><\/ul><\/nav><\/div>\n<\/div>\n","protected":false},"excerpt":{"rendered":"","protected":false},"author":1,"featured_media":0,"parent":0,"menu_order":0,"comment_status":"closed","ping_status":"closed","template":"page-no-title","meta":{"inline_featured_image":false,"footnotes":""},"class_list":["post-64","page","type-page","status-publish","hentry"],"_links":{"self":[{"href":"https:\/\/www.descosur.org.pe\/portaleducativo\/wp-json\/wp\/v2\/pages\/64","targetHints":{"allow":["GET"]}}],"collection":[{"href":"https:\/\/www.descosur.org.pe\/portaleducativo\/wp-json\/wp\/v2\/pages"}],"about":[{"href":"https:\/\/www.descosur.org.pe\/portaleducativo\/wp-json\/wp\/v2\/types\/page"}],"author":[{"embeddable":true,"href":"https:\/\/www.descosur.org.pe\/portaleducativo\/wp-json\/wp\/v2\/users\/1"}],"replies":[{"embeddable":true,"href":"https:\/\/www.descosur.org.pe\/portaleducativo\/wp-json\/wp\/v2\/comments?post=64"}],"version-history":[{"count":4,"href":"https:\/\/www.descosur.org.pe\/portaleducativo\/wp-json\/wp\/v2\/pages\/64\/revisions"}],"predecessor-version":[{"id":583,"href":"https:\/\/www.descosur.org.pe\/portaleducativo\/wp-json\/wp\/v2\/pages\/64\/revisions\/583"}],"wp:attachment":[{"href":"https:\/\/www.descosur.org.pe\/portaleducativo\/wp-json\/wp\/v2\/media?parent=64"}],"curies":[{"name":"wp","href":"https:\/\/api.w.org\/{rel}","templated":true}]}}