{"id":3,"date":"2025-07-07T18:20:09","date_gmt":"2025-07-07T18:20:09","guid":{"rendered":"https:\/\/www.descosur.org.pe\/portaleducativo\/?page_id=3"},"modified":"2025-07-25T19:48:24","modified_gmt":"2025-07-25T19:48:24","slug":"politica-de-privacidad","status":"publish","type":"page","link":"https:\/\/www.descosur.org.pe\/portaleducativo\/politica-de-privacidad\/","title":{"rendered":"Pol\u00edtica de privacidad"},"content":{"rendered":"\n<div class=\"wp-block-columns is-layout-flex wp-container-core-columns-is-layout-28f84493 wp-block-columns-is-layout-flex\">\n<div class=\"wp-block-column is-layout-flow wp-block-column-is-layout-flow\" style=\"flex-basis:66.66%\">\n<div class=\"wp-block-group has-global-padding is-layout-constrained wp-block-group-is-layout-constrained\">\n<p>En descosur, organizaci\u00f3n promotora de este portal de materiales educativos, nos comprometemos a proteger la privacidad de las personas que acceden y se registran en nuestra plataforma. Esta Pol\u00edtica de Privacidad explica c\u00f3mo usamos y protegemos la informaci\u00f3n personal que nos brindas.<\/p>\n\n\n\n<h3 class=\"wp-block-heading\">1. Finalidad del uso de los datos<\/h3>\n\n\n\n<p>La informaci\u00f3n personal recopilada ser\u00e1 utilizada exclusivamente para los siguientes fines:<\/p>\n\n\n\n<ul class=\"wp-block-list\">\n<li><strong>Elaboraci\u00f3n de reportes institucionales<\/strong> relacionados con el proyecto de desarrollo que promueve el portal como parte de sus objetivos.<\/li>\n\n\n\n<li><strong>Env\u00edo de actualizaciones<\/strong> sobre nuevos materiales educativos disponibles en la plataforma.<\/li>\n\n\n\n<li><strong>Convocatorias e invitaciones<\/strong> a eventos de car\u00e1cter educativo organizados o promovidos por descosur y aliados estrat\u00e9gicos.<\/li>\n<\/ul>\n\n\n\n<p>En ning\u00fan caso se compartir\u00e1 tu informaci\u00f3n con terceros con fines comerciales o publicitarios. No recopilamos datos sensibles ni informaci\u00f3n innecesaria para los fines del proyecto.<\/p>\n\n\n\n<h3 class=\"wp-block-heading\">2. Confidencialidad y seguridad<\/h3>\n\n\n\n<p><strong>descosur<\/strong> adopta medidas t\u00e9cnicas y organizativas razonables para garantizar la seguridad y confidencialidad de los datos personales, evitando su p\u00e9rdida, mal uso, acceso no autorizado o divulgaci\u00f3n.<\/p>\n\n\n\n<h3 class=\"wp-block-heading\">3. Derechos de los usuarios<\/h3>\n\n\n\n<p>De acuerdo con la normativa vigente sobre protecci\u00f3n de datos, tienes derecho a:<\/p>\n\n\n\n<ul class=\"wp-block-list\">\n<li>Solicitar su eliminaci\u00f3n cuando ya no sean necesarios para los fines mencionados.<\/li>\n\n\n\n<li>Oponerte o limitar su tratamiento, en determinadas circunstancias.<\/li>\n<\/ul>\n\n\n\n<p>Puedes ejercer estos derechos escribiendo al correo electr\u00f3nico: <a href=\"mailto:descosur@descosur.org.pe\">descosur@descosur.org.pe<\/a> poniendo en el Asunto: Portal Educativo<\/p>\n\n\n\n<h3 class=\"wp-block-heading\">4. Conservaci\u00f3n de los datos<\/h3>\n\n\n\n<p>Los datos personales ser\u00e1n conservados solo por el tiempo necesario para cumplir con los fines descritos anteriormente, y posteriormente ser\u00e1n eliminados de manera segura.<\/p>\n\n\n\n<h3 class=\"wp-block-heading\">5. Modificaciones a esta pol\u00edtica<\/h3>\n\n\n\n<p><strong>descosur<\/strong> se reserva el derecho de modificar la presente Pol\u00edtica de Privacidad en cualquier momento. Cualquier cambio ser\u00e1 comunicado a trav\u00e9s de la misma plataforma, indicando la fecha de actualizaci\u00f3n.<\/p>\n\n\n\n<h3 class=\"wp-block-heading\">6. Aceptaci\u00f3n de la pol\u00edtica<\/h3>\n\n\n\n<p>El registro y uso de este portal implica la aceptaci\u00f3n de esta Pol\u00edtica de Privacidad. Si no est\u00e1s de acuerdo con alguna parte del contenido, por favor abstente de registrarte.<\/p>\n<\/div>\n<\/div>\n\n\n\n<div class=\"wp-block-column is-layout-flow wp-block-column-is-layout-flow\" style=\"flex-basis:33.33%\"><\/div>\n<\/div>\n","protected":false},"excerpt":{"rendered":"<p>En descosur, organizaci\u00f3n promotora de este portal de materiales educativos, nos comprometemos a proteger la privacidad de las personas que acceden y se registran en nuestra plataforma. Esta Pol\u00edtica de Privacidad explica c\u00f3mo usamos y protegemos la informaci\u00f3n personal que nos brindas. 1. Finalidad del uso de los datos La informaci\u00f3n personal recopilada ser\u00e1 utilizada [&hellip;]<\/p>\n","protected":false},"author":1,"featured_media":0,"parent":0,"menu_order":0,"comment_status":"closed","ping_status":"open","template":"","meta":{"inline_featured_image":false,"footnotes":""},"class_list":["post-3","page","type-page","status-publish","hentry"],"_links":{"self":[{"href":"https:\/\/www.descosur.org.pe\/portaleducativo\/wp-json\/wp\/v2\/pages\/3","targetHints":{"allow":["GET"]}}],"collection":[{"href":"https:\/\/www.descosur.org.pe\/portaleducativo\/wp-json\/wp\/v2\/pages"}],"about":[{"href":"https:\/\/www.descosur.org.pe\/portaleducativo\/wp-json\/wp\/v2\/types\/page"}],"author":[{"embeddable":true,"href":"https:\/\/www.descosur.org.pe\/portaleducativo\/wp-json\/wp\/v2\/users\/1"}],"replies":[{"embeddable":true,"href":"https:\/\/www.descosur.org.pe\/portaleducativo\/wp-json\/wp\/v2\/comments?post=3"}],"version-history":[{"count":3,"href":"https:\/\/www.descosur.org.pe\/portaleducativo\/wp-json\/wp\/v2\/pages\/3\/revisions"}],"predecessor-version":[{"id":732,"href":"https:\/\/www.descosur.org.pe\/portaleducativo\/wp-json\/wp\/v2\/pages\/3\/revisions\/732"}],"wp:attachment":[{"href":"https:\/\/www.descosur.org.pe\/portaleducativo\/wp-json\/wp\/v2\/media?parent=3"}],"curies":[{"name":"wp","href":"https:\/\/api.w.org\/{rel}","templated":true}]}}